{"id":1162,"date":"2021-02-25T10:17:43","date_gmt":"2021-02-25T09:17:43","guid":{"rendered":"https:\/\/selid.services\/?page_id=1162"},"modified":"2026-02-24T14:04:48","modified_gmt":"2026-02-24T13:04:48","slug":"contacte","status":"publish","type":"page","link":"https:\/\/selid.services\/ca\/contacte\/","title":{"rendered":"Contacte"},"content":{"rendered":"\t\t<div data-elementor-type=\"wp-page\" data-elementor-id=\"1162\" class=\"elementor elementor-1162 elementor-14\">\n\t\t\t\t\t\t<section class=\"elementor-section elementor-top-section elementor-element elementor-element-deb9c93 elementor-section-stretched elementor-section-content-middle elementor-section-boxed elementor-section-height-default elementor-section-height-default\" data-id=\"deb9c93\" data-element_type=\"section\" data-e-type=\"section\" data-settings=\"{&quot;stretch_section&quot;:&quot;section-stretched&quot;,&quot;background_background&quot;:&quot;classic&quot;}\">\n\t\t\t\t\t\t\t<div class=\"elementor-background-overlay\"><\/div>\n\t\t\t\t\t\t\t<div class=\"elementor-container elementor-column-gap-wider\">\n\t\t\t\t\t<div class=\"elementor-column elementor-col-50 elementor-top-column elementor-element elementor-element-1f909e5\" data-id=\"1f909e5\" data-element_type=\"column\" data-e-type=\"column\">\n\t\t\t<div class=\"elementor-widget-wrap elementor-element-populated\">\n\t\t\t\t\t\t<div class=\"elementor-element elementor-element-40c2a76 elementor-widget elementor-widget-text-editor\" data-id=\"40c2a76\" data-element_type=\"widget\" data-e-type=\"widget\" data-widget_type=\"text-editor.default\">\n\t\t\t\t<div class=\"elementor-widget-container\">\n\t\t\t\t\t\t\t\t\t<h6><span class=\"themecolor\">_<\/span>\u00a0T\u00c9 ALGUN DUBTE?<\/h6>\t\t\t\t\t\t\t\t<\/div>\n\t\t\t\t<\/div>\n\t\t\t\t<div class=\"elementor-element elementor-element-16008f7 elementor-widget elementor-widget-text-editor\" data-id=\"16008f7\" data-element_type=\"widget\" data-e-type=\"widget\" data-widget_type=\"text-editor.default\">\n\t\t\t\t<div class=\"elementor-widget-container\">\n\t\t\t\t\t\t\t\t\t<h1>Contacti amb nosaltres<\/h1>\t\t\t\t\t\t\t\t<\/div>\n\t\t\t\t<\/div>\n\t\t\t\t<div class=\"elementor-element elementor-element-edcdfa0 elementor-widget elementor-widget-image\" data-id=\"edcdfa0\" data-element_type=\"widget\" data-e-type=\"widget\" data-widget_type=\"image.default\">\n\t\t\t\t<div class=\"elementor-widget-container\">\n\t\t\t\t\t\t\t\t\t\t\t\t\t\t\t<img fetchpriority=\"high\" decoding=\"async\" width=\"934\" height=\"849\" src=\"https:\/\/selid.services\/wp-content\/uploads\/2021\/03\/contacto-seus.png\" class=\"attachment-large size-large wp-image-1573\" alt=\"\" srcset=\"https:\/\/selid.services\/wp-content\/uploads\/2021\/03\/contacto-seus.png 934w, https:\/\/selid.services\/wp-content\/uploads\/2021\/03\/contacto-seus-300x273.png 300w, https:\/\/selid.services\/wp-content\/uploads\/2021\/03\/contacto-seus-768x698.png 768w, https:\/\/selid.services\/wp-content\/uploads\/2021\/03\/contacto-seus-161x146.png 161w, https:\/\/selid.services\/wp-content\/uploads\/2021\/03\/contacto-seus-50x45.png 50w, https:\/\/selid.services\/wp-content\/uploads\/2021\/03\/contacto-seus-83x75.png 83w\" sizes=\"(max-width:767px) 480px, (max-width:934px) 100vw, 934px\" \/>\t\t\t\t\t\t\t\t\t\t\t\t\t\t\t<\/div>\n\t\t\t\t<\/div>\n\t\t\t\t<div class=\"elementor-element elementor-element-247cc5f elementor-widget elementor-widget-spacer\" data-id=\"247cc5f\" data-element_type=\"widget\" data-e-type=\"widget\" data-widget_type=\"spacer.default\">\n\t\t\t\t<div class=\"elementor-widget-container\">\n\t\t\t\t\t\t\t<div class=\"elementor-spacer\">\n\t\t\t<div class=\"elementor-spacer-inner\"><\/div>\n\t\t<\/div>\n\t\t\t\t\t\t<\/div>\n\t\t\t\t<\/div>\n\t\t\t\t<div class=\"elementor-element elementor-element-3be4a16 elementor-widget elementor-widget-text-editor\" data-id=\"3be4a16\" data-element_type=\"widget\" data-e-type=\"widget\" data-widget_type=\"text-editor.default\">\n\t\t\t\t<div class=\"elementor-widget-container\">\n\t\t\t\t\t\t\t\t\t<h3 class=\"themecolor\">Selid Catalunya<\/h3><h5>C. Segri\u00e0, 46<br \/>25006 Lleida<\/h5><h5>Passatge Planell 4, Baixos<br \/>08029 Barcelona<\/h5><h3 class=\"themecolor\">Selid Comunidad de Madrid<\/h3><h5>C. Avefr\u00eda 1, Baixos<br \/>28025 Madrid<\/h5><h3 class=\"themecolor\">Selid Arag\u00f3n<\/h3><h5>C. Vicente Aleixandre 10, Baixos<br \/>50018 Saragossa<\/h5><h3 class=\"themecolor\">Selid Navarra<\/h3><h5>Avenida Comercial n\u00ba 17, Bajo 31010 Bara\u00f1\u00e1in<\/h5><h3 class=\"themecolor\">Tel\u00e8fon<\/h3><h5>902 555 067 \/ 664 249 474<\/h5><h3 class=\"themecolor\">Correu electr\u00f2nic<\/h3><h5><a href=\"mailto:selid@selid.services\">selid@selid.services<\/a><\/h5>\t\t\t\t\t\t\t\t<\/div>\n\t\t\t\t<\/div>\n\t\t\t\t\t<\/div>\n\t\t<\/div>\n\t\t\t\t<div class=\"elementor-column elementor-col-50 elementor-top-column elementor-element elementor-element-ef146c5\" data-id=\"ef146c5\" data-element_type=\"column\" data-e-type=\"column\">\n\t\t\t<div class=\"elementor-widget-wrap elementor-element-populated\">\n\t\t\t\t\t\t<div class=\"elementor-element elementor-element-ac9b63f elementor-widget elementor-widget-text-editor\" data-id=\"ac9b63f\" data-element_type=\"widget\" data-e-type=\"widget\" data-widget_type=\"text-editor.default\">\n\t\t\t\t<div class=\"elementor-widget-container\">\n\t\t\t\t\t\t\t\t\t<h3>Envia&#8217;ns un\u00a0<u>missatge<\/u><\/h3>\t\t\t\t\t\t\t\t<\/div>\n\t\t\t\t<\/div>\n\t\t\t\t<div class=\"elementor-element elementor-element-691d552 elementor-widget elementor-widget-shortcode\" data-id=\"691d552\" data-element_type=\"widget\" data-e-type=\"widget\" data-widget_type=\"shortcode.default\">\n\t\t\t\t<div class=\"elementor-widget-container\">\n\t\t\t\t\t\t\t<div class=\"elementor-shortcode\">\n<div class=\"wpcf7 no-js\" id=\"wpcf7-f1168-o1\" lang=\"ca\" dir=\"ltr\" data-wpcf7-id=\"1168\">\n<div class=\"screen-reader-response\"><p role=\"status\" aria-live=\"polite\" aria-atomic=\"true\"><\/p> <ul><\/ul><\/div>\n<form action=\"\/ca\/wp-json\/wp\/v2\/pages\/1162#wpcf7-f1168-o1\" method=\"post\" class=\"wpcf7-form init\" aria-label=\"Formulari de contacte\" novalidate=\"novalidate\" data-status=\"init\">\n<fieldset class=\"hidden-fields-container\"><input type=\"hidden\" name=\"_wpcf7\" value=\"1168\" \/><input type=\"hidden\" name=\"_wpcf7_version\" value=\"6.1.5\" \/><input type=\"hidden\" name=\"_wpcf7_locale\" value=\"ca\" \/><input type=\"hidden\" name=\"_wpcf7_unit_tag\" value=\"wpcf7-f1168-o1\" \/><input type=\"hidden\" name=\"_wpcf7_container_post\" value=\"0\" \/><input type=\"hidden\" name=\"_wpcf7_posted_data_hash\" value=\"\" \/>\n<\/fieldset>\n<div class=\"column one\">\n\t<p><span class=\"wpcf7-form-control-wrap\" data-name=\"your-name\"><input size=\"40\" maxlength=\"400\" class=\"wpcf7-form-control wpcf7-text wpcf7-validates-as-required\" aria-required=\"true\" aria-invalid=\"false\" placeholder=\"Nom\" value=\"\" type=\"text\" name=\"your-name\" \/><\/span>\n\t<\/p>\n<\/div>\n<div class=\"column one\">\n\t<p><span class=\"wpcf7-form-control-wrap\" data-name=\"your-email\"><input size=\"40\" maxlength=\"400\" class=\"wpcf7-form-control wpcf7-email wpcf7-validates-as-required wpcf7-text wpcf7-validates-as-email\" aria-required=\"true\" aria-invalid=\"false\" placeholder=\"Correu electr\u00f2nic\" value=\"\" type=\"email\" name=\"your-email\" \/><\/span>\n\t<\/p>\n<\/div>\n<div class=\"column one\">\n\t<p><span class=\"wpcf7-form-control-wrap\" data-name=\"your-subject\"><input size=\"40\" maxlength=\"400\" class=\"wpcf7-form-control wpcf7-text\" aria-invalid=\"false\" placeholder=\"Assumpte\" value=\"\" type=\"text\" name=\"your-subject\" \/><\/span>\n\t<\/p>\n<\/div>\n<div class=\"column one\">\n\t<p><span class=\"wpcf7-form-control-wrap\" data-name=\"your-message\"><textarea cols=\"40\" rows=\"14\" maxlength=\"2000\" class=\"wpcf7-form-control wpcf7-textarea\" aria-invalid=\"false\" placeholder=\"Missatge\" name=\"your-message\"><\/textarea><\/span>\n\t<\/p>\n<\/div>\n<div class=\"column one\">\n\t<p><span class=\"wpcf7-form-control-wrap\" data-name=\"selid\"><span class=\"wpcf7-form-control wpcf7-radio\"><span class=\"wpcf7-list-item first\"><label><input type=\"radio\" name=\"selid\" value=\"Selid Catalunya\" checked=\"checked\" \/><span class=\"wpcf7-list-item-label\">Selid Catalunya<\/span><\/label><\/span><span class=\"wpcf7-list-item\"><label><input type=\"radio\" name=\"selid\" value=\"Selid Madrid\" \/><span class=\"wpcf7-list-item-label\">Selid Madrid<\/span><\/label><\/span><span class=\"wpcf7-list-item\"><label><input type=\"radio\" name=\"selid\" value=\"Selid Arag\u00f3n\" \/><span class=\"wpcf7-list-item-label\">Selid Arag\u00f3n<\/span><\/label><\/span><span class=\"wpcf7-list-item last\"><label><input type=\"radio\" name=\"selid\" value=\"Selid Navarra\" \/><span class=\"wpcf7-list-item-label\">Selid Navarra<\/span><\/label><\/span><\/span><\/span>\n\t<\/p>\n<\/div>\n<div class=\"seccion-legal\">\n\t<p><span class=\"wpcf7-form-control-wrap\" data-name=\"aceptacion-privacidad\"><span class=\"wpcf7-form-control wpcf7-acceptance\"><span class=\"wpcf7-list-item\"><label><input type=\"checkbox\" name=\"aceptacion-privacidad\" value=\"1\" aria-invalid=\"false\" \/><span class=\"wpcf7-list-item-label\">He llegit i accepto la <a href=\"https:\/\/selid.services\/ca\/politica-de-privacidad\/\" target=\"_blank\">Pol\u00edtica de Privacitat<\/a> i el tractament de les meves dades per a la gesti\u00f3 del canal \u00e8tic.<\/span><\/label><\/span><\/span><\/span>\n\t<\/p>\n\t<div class=\"resumen-privacidad\">\n\t\t<p>Les dades personals seran tractades de forma confidencial i no seran comunicades a cap tercer, tret que resultessin imprescindibles per a la investigaci\u00f3 dels fets denunciats (com ara les persones corresponents en les respectives empreses que formen part del Grup Mullor). Les dades seran tractades amb les finalitats indicades durant el termini necessari per a la seva investigaci\u00f3 d'acord amb el que estableix la normativa vigent. En tot moment podreu exercir els vostres drets d'acc\u00e9s, rectificaci\u00f3, supressi\u00f3, oposici\u00f3, limitaci\u00f3 i portabilitat respecte a les dades personals que h\u00e0giu facilitat, a trav\u00e9s del canal de den\u00fancies identificant-vos amb el vostre n\u00famero de refer\u00e8ncia, o a trav\u00e9s de correu postal a l'adre\u00e7a indicada, aportant c\u00f2pia del vostre DNI o document equivalent. En cas de considerar vulnerat el vostre dret a la protecci\u00f3 de dades, podreu interposar una reclamaci\u00f3 al correu oficial de den\u00fancies de Fundaci\u00f3 Mullor etica@fundaciomullor.org, o davant l'Ag\u00e8ncia Espanyola de Protecci\u00f3 de Dades.\n\t\t<\/p>\n\t<\/div>\n<\/div>\n<div class=\"column one\">\n\t<p><input class=\"wpcf7-form-control wpcf7-submit has-spinner\" type=\"submit\" value=\"Enviar\" \/>\n\t<\/p>\n<\/div><div class=\"wpcf7-response-output\" aria-hidden=\"true\"><\/div>\n<\/form>\n<\/div>\n<\/div>\n\t\t\t\t\t\t<\/div>\n\t\t\t\t<\/div>\n\t\t\t\t\t<\/div>\n\t\t<\/div>\n\t\t\t\t\t<\/div>\n\t\t<\/section>\n\t\t\t\t<\/div>\n\t\t","protected":false},"excerpt":{"rendered":"<p>_\u00a0T\u00c9 ALGUN DUBTE? Contacti amb nosaltres Selid Catalunya C. Segri\u00e0, 4625006 Lleida Passatge Planell 4, Baixos08029 Barcelona Selid Comunidad de Madrid C. Avefr\u00eda 1, Baixos28025 Madrid<span class=\"excerpt-hellip\"> [\u2026]<\/span><\/p>\n","protected":false},"author":1,"featured_media":0,"parent":0,"menu_order":0,"comment_status":"closed","ping_status":"closed","template":"","meta":{"footnotes":""},"class_list":["post-1162","page","type-page","status-publish","hentry"],"_links":{"self":[{"href":"https:\/\/selid.services\/ca\/wp-json\/wp\/v2\/pages\/1162","targetHints":{"allow":["GET"]}}],"collection":[{"href":"https:\/\/selid.services\/ca\/wp-json\/wp\/v2\/pages"}],"about":[{"href":"https:\/\/selid.services\/ca\/wp-json\/wp\/v2\/types\/page"}],"author":[{"embeddable":true,"href":"https:\/\/selid.services\/ca\/wp-json\/wp\/v2\/users\/1"}],"replies":[{"embeddable":true,"href":"https:\/\/selid.services\/ca\/wp-json\/wp\/v2\/comments?post=1162"}],"version-history":[{"count":44,"href":"https:\/\/selid.services\/ca\/wp-json\/wp\/v2\/pages\/1162\/revisions"}],"predecessor-version":[{"id":2369,"href":"https:\/\/selid.services\/ca\/wp-json\/wp\/v2\/pages\/1162\/revisions\/2369"}],"wp:attachment":[{"href":"https:\/\/selid.services\/ca\/wp-json\/wp\/v2\/media?parent=1162"}],"curies":[{"name":"wp","href":"https:\/\/api.w.org\/{rel}","templated":true}]}}