{"id":1266,"date":"2021-01-22T13:53:51","date_gmt":"2021-01-22T12:53:51","guid":{"rendered":"https:\/\/selid.services\/politica-de-cookies\/"},"modified":"2021-06-18T10:49:47","modified_gmt":"2021-06-18T08:49:47","slug":"politica-de-cookies","status":"publish","type":"page","link":"https:\/\/selid.services\/ca\/politica-de-cookies\/","title":{"rendered":"Pol\u00edtica de cookies"},"content":{"rendered":"\n<div style=\"height:100px\" aria-hidden=\"true\" class=\"wp-block-spacer\"><\/div>\n\n\n\n<p>Aquesta WEB utilitza servidors p\u00fablics per a facilitar continguts publicitaris que l&#8217;usuari visualitza a les nostres p\u00e0gines. Aquests servidors utilitzen galetes que li permeten adaptar els continguts publicitaris als perfils demogr\u00e0fics dels usuaris. En cap cas s&#8217;obtenen dades personals a trav\u00e9s d&#8217;aquestes galetes.<\/p>\n\n\n\n<p><strong><strong><strong>Serveis Especial Laboral Integraci\u00f3 Discapacitats SL<\/strong><\/strong> <\/strong>posa en coneixement dels seus usuaris que independentment de les dades de car\u00e0cter personal que obt\u00e9 dels usuaris que contracten els seus serveis, <strong><strong><strong>Serveis Especial Laboral Integraci\u00f3 Discapacitats SL<\/strong><\/strong><\/strong> obt\u00e9 i conserva la seg\u00fcent informaci\u00f3:<\/p>\n\n\n\n<ul class=\"wp-block-list\"><li>Nombre de visitants<\/li><li>Nom de domini del prove\u00efdor que els dona acc\u00e9s a la xarxa<\/li><li>Data i hora d&#8217;acc\u00e9s al Lloc WEB<\/li><li>Direcci\u00f3 d&#8217;Internet des de la qual parteix l&#8217;enlla\u00e7 que dirigeix a l&#8217;usuari al nostre lloc WEB.<\/li><\/ul>\n\n\n\n<p>La WEB comunica als usuaris, a trav\u00e9s d&#8217;aquest av\u00eds, que utilitza cookies quan es navega per les seves diferents pantalles i p\u00e0gines.<\/p>\n\n\n\n<p>Una galeta \u00e9s un fitxer de text molt petit que un servidor WEB pot guardar en el seu disc dur per emmagatzemar algun tipus d&#8217;informaci\u00f3 sobre l&#8217;usuari. La galeta identifica l&#8217;equip (ordinador) de forma \u00fanica, i nom\u00e9s pot ser llegida pel lloc web que el va enviar a l&#8217;equip. Normalment els llocs WEB utilitzen les cookies per obtenir informaci\u00f3 estad\u00edstica sobre les seves p\u00e0gines WEB.<\/p>\n\n\n\n<p>Una cookie no \u00e9s un arxiu executable, no pot propagar o contenir un virus i no pot tenir una longitud superior a 4.000 car\u00e0cters.<\/p>\n\n\n\n<p>Aquesta WEB utilitza cookies amb l&#8217;exclusiva finalitat d&#8217;elaborar estad\u00edstiques d&#8217;\u00fas de la p\u00e0gina. La informaci\u00f3 que la nostra WEB emmagatzema en el seu equip mitjan\u00e7ant aquest mecanisme consisteix \u00fanicament en un nombre que identifica el seu equip i que permetr\u00e0 recon\u00e8ixer en les seves pr\u00f2ximes visites, no cont\u00e9 dades personals o informaci\u00f3 econ\u00f2mica o de salut.<\/p>\n\n\n\n<p>La nostra WEB pot utilitzar les galetes amb l&#8217;objecte de recon\u00e8ixer els usuaris que s&#8217;hagin registrat i poder oferir-los un millor servei i m\u00e9s personalitzat. Aix\u00ed mateix, poden ser utilitzades per obtenir informaci\u00f3 sobre la data i hora de l&#8217;\u00faltima visita de l&#8217;usuari, mesurar alguns par\u00e0metres de tr\u00e0nsit dins el propi site i estimar el nombre de visites realitzades, de manera que <strong><strong><strong>Serveis Especial Laboral Integraci\u00f3 Discapacitats SL<\/strong><\/strong><\/strong> pugui enfocar i ajustar els serveis i promocions de forma m\u00e9s efectiva.<\/p>\n\n\n\n<p>L&#8217;usuari pot configurar el seu navegador per acceptar, o no, les cookies que rep o perqu\u00e8 el navegador li avisi quan un servidor vulgui guardar una galeta:<\/p>\n\n\n\n<ul class=\"wp-block-list\"><li>Chrome: <a href=\"https:\/\/www.google.es\/intl\/es\/policies\/technologies\/managing\/\">https:\/\/www.google.es\/intl\/es\/policies\/technologies\/managing\/<\/a><\/li><li>Explorer: <a href=\"http:\/\/windows.microsoft.com\/es-es\/windows7\/how-to-manage-cookies-ininternet-explorer-9\">http:\/\/windows.microsoft.com\/es-es\/windows7\/how-to-manage-cookies-ininternet-explorer-9<\/a><\/li><li>Firefox: <a href=\"http:\/\/support.mozilla.org\/es\/kb\/habilitar-y-deshabilitar-cookies-que-lossitios-\nwe\">http:\/\/support.mozilla.org\/es\/kb\/habilitar-y-deshabilitar-cookies-que-lossitios-<br>we<\/a><\/li><li>Safari: <a href=\"http:\/\/support.apple.com\/kb\/ph5042\">http:\/\/support.apple.com\/kb\/ph5042<\/a><\/li><li>Opera: <a href=\"http:\/\/www.opera.com\/help\/tutorials\/security\/privacy\/\">http:\/\/www.opera.com\/help\/tutorials\/security\/privacy\/<\/a><\/li><\/ul>\n\n\n\n<p><strong><strong><strong>Serveis Especial Laboral Integraci\u00f3 Discapacitats SL<\/strong><\/strong> <\/strong>li agraeix que accepti l&#8217;acceptaci\u00f3 de cookies ja que aix\u00f2 ens ajuda a obtenir dades m\u00e9s precises que ens permeten millorar el contingut i el disseny de la nostra p\u00e0gina WEB per adaptar-lo a les seves prefer\u00e8ncies i necessitats.<\/p>\n\n\n\n<p>Aquesta p\u00e0gina WEB utilitza <strong>Google Analytics<\/strong>, un servei anal\u00edtic de web prestat per Google, Inc, una companya de Delaware l&#8217;oficina principal a 1600 Amphitheatre Parkway, Mountain View (Calif\u00f2rnia), CA 94043, Estats Units (&#8220;Google&#8221;). Google Analytics utilitza &#8220;cookies&#8221;, que s\u00f3n arxius de text ubicats al seu ordinador, per ajudar la website a analitzar l&#8217;\u00fas que fan els usuaris del lloc web. La informaci\u00f3 que genera la cookie sobre el seu \u00fas del website (incloent-hi la seva adre\u00e7a IP) ser\u00e0 directament transmesa i arxivada per Google en els servidors dels Estats Units. Google utilitzar\u00e0 aquesta informaci\u00f3 per compte nostre amb el prop\u00f2sit de seguir la pista del seu \u00fas del website, recopilant informes de l&#8217;activitat del website i prestant altres serveis relacionats amb l&#8217;activitat del website i l&#8217;\u00fas d&#8217;Internet. Google podr\u00e0 transmetre aquesta informaci\u00f3 a tercers quan aix\u00ed li ho requereixi la legislaci\u00f3, o quan aquests tercers processin la informaci\u00f3 per compte de Google. Google no associar\u00e0 la seva adre\u00e7a IP amb cap altra dada de qu\u00e8 disposi Google. Vost\u00e8 pot rebutjar el tractament de les dades o la informaci\u00f3 rebutjant l&#8217;\u00fas de cookies mitjan\u00e7ant la selecci\u00f3 de la configuraci\u00f3 apropiada del seu navegador, per\u00f2, ha de saber que si ho fa pot ser que no pugui utilitzar la plena funcionalitat d&#8217;aquest website. En utilitzar aquest lloc web vost\u00e8 consent el tractament d&#8217;informaci\u00f3 sobre vost\u00e8 per Google en la forma i per als fins dalt indicats.<\/p>\n\n\n\n<div style=\"height:100px\" aria-hidden=\"true\" class=\"wp-block-spacer\"><\/div>\n","protected":false},"excerpt":{"rendered":"<p>Aquesta WEB utilitza servidors p\u00fablics per a facilitar continguts publicitaris que l&#8217;usuari visualitza a les nostres p\u00e0gines. Aquests servidors utilitzen galetes que li permeten adaptar els<span class=\"excerpt-hellip\"> [\u2026]<\/span><\/p>\n","protected":false},"author":1,"featured_media":0,"parent":0,"menu_order":0,"comment_status":"closed","ping_status":"open","template":"","meta":{"footnotes":""},"class_list":["post-1266","page","type-page","status-publish","hentry"],"_links":{"self":[{"href":"https:\/\/selid.services\/ca\/wp-json\/wp\/v2\/pages\/1266","targetHints":{"allow":["GET"]}}],"collection":[{"href":"https:\/\/selid.services\/ca\/wp-json\/wp\/v2\/pages"}],"about":[{"href":"https:\/\/selid.services\/ca\/wp-json\/wp\/v2\/types\/page"}],"author":[{"embeddable":true,"href":"https:\/\/selid.services\/ca\/wp-json\/wp\/v2\/users\/1"}],"replies":[{"embeddable":true,"href":"https:\/\/selid.services\/ca\/wp-json\/wp\/v2\/comments?post=1266"}],"version-history":[{"count":3,"href":"https:\/\/selid.services\/ca\/wp-json\/wp\/v2\/pages\/1266\/revisions"}],"predecessor-version":[{"id":1952,"href":"https:\/\/selid.services\/ca\/wp-json\/wp\/v2\/pages\/1266\/revisions\/1952"}],"wp:attachment":[{"href":"https:\/\/selid.services\/ca\/wp-json\/wp\/v2\/media?parent=1266"}],"curies":[{"name":"wp","href":"https:\/\/api.w.org\/{rel}","templated":true}]}}