{"id":1270,"date":"2020-11-01T12:52:46","date_gmt":"2020-11-01T12:52:46","guid":{"rendered":"https:\/\/selid.services\/politica-de-privacidad\/"},"modified":"2021-06-07T12:08:51","modified_gmt":"2021-06-07T11:08:51","slug":"politica-de-privacidad","status":"publish","type":"page","link":"https:\/\/selid.services\/ca\/politica-de-privacidad\/","title":{"rendered":"Pol\u00edtica de privacitat"},"content":{"rendered":"\n<div style=\"height:100px\" aria-hidden=\"true\" class=\"wp-block-spacer\"><\/div>\n\n\n\n<h2 class=\"wp-block-heading\">Av\u00eds legal<\/h2>\n\n\n\n<p>La present p\u00e0gina Web ha estat dissenyada per donar a con\u00e8ixer els serveis oferts per <strong><strong>Serveis Especial Laboral Integraci\u00f3 Discapacitats SL<\/strong><\/strong>. \u00c9s per aix\u00f2 que en compliment del que exigeix la Llei 34\/2002 se l&#8217;informa que la present p\u00e0gina i el seu domini pertany a <strong><strong>Serveis Especial Laboral Integraci\u00f3 Discapacitats SL<\/strong><\/strong> amb <strong>CIF <strong><strong>B25678814<\/strong><\/strong><\/strong> i domicili social en <strong><strong><strong>Gran Passeig de Ronda, 49, baixos, 25006, Lleida<\/strong><\/strong>.<\/strong><\/p>\n\n\n\n<p>El domini <strong><strong><a href=\"https:\/\/selid.services\/ca\/\">selid.services<\/a><\/strong><\/strong> \u00e9s titularitat de <strong><strong>Serveis Especial Laboral Integraci\u00f3 Discapacitats SL<\/strong><\/strong> amb <strong>CIF <strong><strong>B25678814<\/strong><\/strong><\/strong> titular dels drets de propietat intel\u00b7lectual sobre les webs i els seus continguts, sense perjudici dels drets leg\u00edtims de tercers. La societat titular est\u00e0 inscrita al Registre Mercantil de <strong>Lleida<\/strong> amb <strong>CIF <strong><strong>B25678814<\/strong><\/strong><\/strong> i t\u00e9 el seu domicili a l&#8217;efecte de el present Av\u00eds Legal en <strong><strong><strong>Gran Passeig de Ronda, 49, baixos, 25006, Lleida<\/strong><\/strong><\/strong>. Vost\u00e8 pot posar-se en contacte amb nosaltres al seg\u00fcent correu electr\u00f2nic: <strong><a href=\"mailto:selid@selid.services\">selid@selid.services<\/a><\/strong>.<\/p>\n\n\n\n<div style=\"height:100px\" aria-hidden=\"true\" class=\"wp-block-spacer\"><\/div>\n\n\n\n<h2 class=\"wp-block-heading\"><br>Informaci\u00f3 de tractament de dades de car\u00e0cter personal<\/h2>\n\n\n\n<p>En compliment del deure legal d&#8217;informaci\u00f3 establert en la Llei 3\/2018 de Protecci\u00f3 de Dades Personals i Garantia dels Drets Digitals i en l&#8217;article 13 de Reglament (EU) 2016\/679 se&#8217;ls facilita la seg\u00fcent informaci\u00f3 b\u00e0sica relativa a les dades personals facilitades.<\/p>\n\n\n\n<p><strong>Responsable del tractament<\/strong><br>Serveis Especial Laboral Integraci\u00f3 Discapacitats SL<br>B25678814<br>Gran Passeig de Ronda, 49, baixos, 25006, Lleida<br>902 555 067<br><a href=\"mailto:selid@selid.services\">selid@selid.services<\/a><br><\/p>\n\n\n\n<p><strong>Finalitats del Tractament<\/strong><br>Tractem la informaci\u00f3 que ens facilita per tal de complir <strong>amb el deure d&#8217;informaci\u00f3 pr\u00e8via i serveis proporcionats per la nostra empresa<\/strong>. S&#8217;utilitzar\u00e0 el seu correu electr\u00f2nic per gestionar l&#8217;enviament de la informaci\u00f3 que ens sol\u00b7liciti i per&nbsp;facilitar-li ofertes de productes i serveis nous que puguin ser del seu inter\u00e8s. Les dades personals proporcionades seran conservades el temps m\u00ednim necessari per complir la finalitat per a la qual els va facilitar, aix\u00ed com per atendre les&nbsp;responsabilitats que es puguin derivar de les dades subministrades i de qualsevol altra exig\u00e8ncia legal.<\/p>\n\n\n\n<p><strong>Legitimaci\u00f3 del Tractament<\/strong><br>La base legal per al tractament de les seves dades \u00e9s el seu <strong>consentiment previ per enviar-li informaci\u00f3 sobre productes i serveis i l&#8217;inter\u00e8s leg\u00edtim del responsable en donar-li resposta a les q\u00fcestions plantejades.<\/strong><\/p>\n\n\n\n<p><strong>Destinataris<\/strong><br>Si sol\u00b7licita informaci\u00f3 dels nostres serveis <strong>no est\u00e0 prevista cap cessi\u00f3. Si finalment contracta algun dels nostres serveis les cessions previstes seran les m\u00ednimes i necess\u00e0ries per al correcte compliment del servei contractat, la seva formalitzaci\u00f3, pagament i facturaci\u00f3. NO <\/strong>es preveuen transfer\u00e8ncia de dades a tercers pa\u00efsos<\/p>\n\n\n\n<p><strong>Drets<\/strong><br>Vost\u00e8 t\u00e9 dret a obtenir informaci\u00f3 sobre si estem tractant dades personals que el concerneixen o no. Podr\u00e0 exercir els drets d&#8217;acc\u00e9s, rectificaci\u00f3, supressi\u00f3,&nbsp;limitaci\u00f3, portabilitat i cancel\u00b7laci\u00f3 sobre les seves dades personals. En qualsevol moment l&#8217;interessat pot retirar el consentiment prestat sense que aix\u00f2 afecti la licitud del tractament, aix\u00ed com la possibilitat d&#8217;acudir davant l&#8217;autoritat de control competent (AEPD).<\/p>\n\n\n\n<p><strong>Proced\u00e8ncia<\/strong><br>Les dades personals procedeixen de la persona interessada i\/o de prove\u00efdors als quals hagi prestat el seu consentiment. La categoria de dades que tractem s\u00f3n: identificatives (nom, cognoms, DNI, tel\u00e8fon), adreces postals i electr\u00f2niques per a comunicacions A causa de l&#8217;activitat principal i als serveis contractats i\/o sol\u00b7licitats <strong>NO<\/strong> es tracten dades especialment protegides.<\/p>\n\n\n\n<div style=\"height:100px\" aria-hidden=\"true\" class=\"wp-block-spacer\"><\/div>\n\n\n\n<h2 class=\"wp-block-heading\">Pol\u00edtica sobre xarxes socials (LOPD-RUE)<\/h2>\n\n\n\n<p>En compliment del que disposa <strong>Reglament Europeu UE de Protecci\u00f3 de Dades de Car\u00e0cter Personal, 2016\/679, <strong>Serveis Especial Laboral Integraci\u00f3 Discapacitats SL<\/strong><\/strong> informa que compta amb pres\u00e8ncia i vincle en la seva WEB amb xarxes socials Facebook, Instagram i Twitter i els dona \u00fas per a mantenir informat als seus clients dels productes, serveis i novetats, aix\u00ed com a plataforma de difusi\u00f3 de les seves activitats formatives per tot aix\u00f2 els informem que;<\/p>\n\n\n\n<p>Les dades recollides mitjan\u00e7ant aquestes xarxes socials s\u00f3n tractats d&#8217;acord amb els requisits legals exigits en el <strong>Reglament UE de Protecci\u00f3 de Dades<\/strong>. Si vost\u00e8 considera interessant ser el nostre FAN \/ SEGUIDOR en aquest tipus de xarxes socials, s\u00e0piga que per seguir-nos vost\u00e8 est\u00e0 cedint les seves dades a aquestes plataformes i haur\u00e0 per aix\u00f2 de con\u00e8ixer i acceptar l&#8217;\u00fas que aquestes plataformes fan de les seves dades.<\/p>\n\n\n\n<p>Aix\u00ed mateix, li vam indicar que <strong><strong>Serveis Especial Laboral Integraci\u00f3 Discapacitats SL<\/strong><\/strong> no tractar\u00e0 les seves dades per a un altre fi que no sigui \u00fanicament i exclusivament el consentit per l&#8217;usuari i acceptat, complint d&#8217;aquesta manera el principi de qualitat que disposa la Llei Org\u00e0nica de Protecci\u00f3 de Dades.<\/p>\n\n\n\n<p>L&#8217;interessat podr\u00e0 donar-se de baixa en aquestes xarxes socials, amb un senzill &#8220;ja no m&#8217;agrada&#8221; si b\u00e9 posem a la seva disposici\u00f3 el seg\u00fcent correu electr\u00f2nic <strong><a href=\"mailto:selid@selid.services\">selid@selid.services<\/a><\/strong> per tal de facilitar la comunicaci\u00f3 per a qualsevol dubte amb relaci\u00f3 al seu tractament, den\u00fancia de fotos, etc.<\/p>\n\n\n\n<div style=\"height:100px\" aria-hidden=\"true\" class=\"wp-block-spacer\"><\/div>\n\n\n\n<h2 class=\"wp-block-heading\">Registre d&#8217;usuari<\/h2>\n\n\n\n<p>En utilitzar la WEB <strong><strong><a href=\"https:\/\/selid.services\/ca\/\">selid.services<\/a><\/strong>\u00a0<\/strong>l&#8217;usuari no sempre ha de facilitar un nom, un correu electr\u00f2nic sin\u00f3 que pot optar per navegar a la web sense necessitat de registre. Nom\u00e9s si desitja sol\u00b7licitar informaci\u00f3 a trav\u00e9s del formulari de contacte ha de facilitar les dades m\u00ednimes requerides i acceptar la pol\u00edtica i privacitat.<\/p>\n\n\n\n<p>Acceptant la pol\u00edtica de privacitat dona el seu consentiment expr\u00e9s perqu\u00e8 li facilitem la informaci\u00f3 sol\u00b7licitada aix\u00ed com per a la possible recepci\u00f3 de butlletins amb informaci\u00f3 sobre ofertes, als efectes declara que tota la informaci\u00f3 subministrada a l&#8217;hora de sol\u00b7licitar la informaci\u00f3 \u00e9s vertadera, completa i precisa i que de conformitat amb la <strong>Llei Org\u00e0nica 3\/2018 de 5 de desembre de Protecci\u00f3 de Dades Personals i Garantia dels Drets Digitals i al Reglament Protecci\u00f3 de Dades de Car\u00e0cter Personal UE 679\/2016 de 27 d&#8217;abril de 2016 <\/strong>havent d&#8217;acceptar el seu tractament.<\/p>\n\n\n\n<p>La persona que sol\u00b7liciten informaci\u00f3 sobre serveis o productes oferts a la WEB autoritza expressament a <strong><strong>Serveis Especial Laboral Integraci\u00f3 Discapacitats SL<\/strong><\/strong> perqu\u00e8 procedeixi a incloure les seves dades en el seu registre d&#8217;activitats automatitzat concretament denominat &#8220;COMUNICACIONS I CONTACTES WEB&#8221; d&#8217;acord amb l&#8217;article 30 del Reglament Protecci\u00f3 de Dades de Car\u00e0cter Personal UE 679\/2016 de 27 d&#8217;abril de 2016 resultant que les dades de car\u00e0cter personal que proporcionats en els camps del formulari s\u00f3n necessaris per a l&#8217;adequada prestaci\u00f3 de sol\u00b7licitud d&#8217;informaci\u00f3 la recollida t\u00e9 com a finalitat.:<\/p>\n\n\n\n<ul class=\"wp-block-list\"><li>Poder oferir resposta a la seva sol\u00b7licitud.<\/li><li>Mantenir-lo informat d&#8217;ofertes i promocions similars a les contractades.<\/li><\/ul>\n\n\n\n<div style=\"height:100px\" aria-hidden=\"true\" class=\"wp-block-spacer\"><\/div>\n\n\n\n<h2 class=\"wp-block-heading\">Limitaci\u00f3 de responsabilitat<\/h2>\n\n\n\n<p><strong><strong>Serveis Especial Laboral Integraci\u00f3 Discapacitats SL<\/strong><\/strong> efectua els majors esfor\u00e7os per a l&#8217;actualitzaci\u00f3, manteniment i funcionament del seu lloc web, oferint a l&#8217;Usuari aquest lloc com una eina per a la informaci\u00f3 corporativa i de serveis, per\u00f2, <strong><strong>Serveis Especial Laboral Integraci\u00f3 Discapacitats SL<\/strong> <\/strong>no pot garantir l&#8217;abs\u00e8ncia de fallades t\u00e8cniques, la seguretat total del servei WEB, ni que el mateix aquest operatiu les 24 hores del dia, set dies a la setmana en tot moment.<\/p>\n\n\n\n<div style=\"height:100px\" aria-hidden=\"true\" class=\"wp-block-spacer\"><\/div>\n\n\n\n<h2 class=\"wp-block-heading\">Propietat industrial i intel\u00b7lectual<\/h2>\n\n\n\n<p>Aquesta WEB \u00e9s propietat de <strong><strong>Serveis Especial Laboral Integraci\u00f3 Discapacitats SL<\/strong><\/strong> els drets de Propietat Intel\u00b7lectual i d&#8217;explotaci\u00f3 i reproducci\u00f3 d&#8217;aquesta web, de les seves p\u00e0gines, pantalles, la informaci\u00f3 que contenen, la seva aparen\u00e7a i disseny, aix\u00ed com els vincles (&#8220;hiperlinks&#8221;) que s&#8217;estableixin des d&#8217;ella a altres p\u00e0gines web de qualsevol societat anunciant en aquesta, s\u00f3n propietat exclusiva d&#8217;aquesta i altres anunciants conforme a les seves WEBs corporatives, tret que expressament s&#8217;especifiqui altra cosa. Qualsevol denominaci\u00f3, disseny i\/o logotip, foto, aix\u00ed com qualsevol producte o servei oferts i reflectits en aquesta p\u00e0gina web, s\u00f3n propietat de <strong><strong>Serveis Especial Laboral Integraci\u00f3 Discapacitats SL<\/strong><\/strong>.<\/p>\n\n\n\n<p>Qualsevol \u00fas indegut de les mateixes per persones diferents del seu leg\u00edtim titular i sense el consentiment expr\u00e9s i inequ\u00edvoc per part d&#8217;aquest podr\u00e0 ser denunciat i perseguit a trav\u00e9s de tots els mitjans legals existents en l&#8217;Ordenament Jur\u00eddic espanyol i\/o comunitari.<\/p>\n\n\n\n<p>Els drets d&#8217;autor, propietat intel\u00b7lectual i marques de tercers si els hagu\u00e9s estan destacats convenientment i han de ser respectats per tot aquell que accedeixi a aquesta p\u00e0gina, no essent responsabilitat de <strong><strong>Serveis Especial Laboral Integraci\u00f3 Discapacitats SL<\/strong><\/strong> l&#8217;\u00fas que l&#8217;usuari pugui portar a terme al respecte, recaient la responsabilitat exclusiva en la seva persona.<\/p>\n\n\n\n<p><strong><strong>Serveis Especial Laboral Integraci\u00f3 Discapacitats SL<\/strong> <\/strong>es reserva la facultat de modificar, suspendre, cancel\u00b7lar o restringir el contingut de la web, els vincles o la informaci\u00f3 obtinguda a trav\u00e9s d&#8217;ella, sense necessitat de previ av\u00eds. Aquesta, en cap cas, assumeix responsabilitat a conseq\u00fc\u00e8ncia de la incorrecta utilitzaci\u00f3 de la WEB que pugui dur a terme l&#8217;usuari, tant de la informaci\u00f3 com dels serveis en ella continguts.<\/p>\n\n\n\n<div style=\"height:100px\" aria-hidden=\"true\" class=\"wp-block-spacer\"><\/div>\n\n\n\n<h2 class=\"wp-block-heading\">Legislaci\u00f3 aplicable<\/h2>\n\n\n\n<p>Llei Org\u00e0nica 3\/2018 de 5 de desembre de Protecci\u00f3 de Dades Personals i Garantia dels Drets Digitals, Reglament de Protecci\u00f3 de Dades de Car\u00e0cter Personal UE 679\/2016 de 27 d&#8217;abril de 2016 i Llei 34\/2002 de l&#8217;11 de juliol de Serveis de la Societat de la Informaci\u00f3 i de Comer\u00e7 Electr\u00f2nic.<\/p>\n\n\n\n<div style=\"height:100px\" aria-hidden=\"true\" class=\"wp-block-spacer\"><\/div>\n\n\n\n<p><\/p>\n","protected":false},"excerpt":{"rendered":"<p>Av\u00eds legal La present p\u00e0gina Web ha estat dissenyada per donar a con\u00e8ixer els serveis oferts per Serveis Especial Laboral Integraci\u00f3 Discapacitats SL. \u00c9s per aix\u00f2<span class=\"excerpt-hellip\"> [\u2026]<\/span><\/p>\n","protected":false},"author":1,"featured_media":0,"parent":0,"menu_order":0,"comment_status":"closed","ping_status":"closed","template":"","meta":{"footnotes":""},"class_list":["post-1270","page","type-page","status-publish","hentry"],"_links":{"self":[{"href":"https:\/\/selid.services\/ca\/wp-json\/wp\/v2\/pages\/1270","targetHints":{"allow":["GET"]}}],"collection":[{"href":"https:\/\/selid.services\/ca\/wp-json\/wp\/v2\/pages"}],"about":[{"href":"https:\/\/selid.services\/ca\/wp-json\/wp\/v2\/types\/page"}],"author":[{"embeddable":true,"href":"https:\/\/selid.services\/ca\/wp-json\/wp\/v2\/users\/1"}],"replies":[{"embeddable":true,"href":"https:\/\/selid.services\/ca\/wp-json\/wp\/v2\/comments?post=1270"}],"version-history":[{"count":5,"href":"https:\/\/selid.services\/ca\/wp-json\/wp\/v2\/pages\/1270\/revisions"}],"predecessor-version":[{"id":1623,"href":"https:\/\/selid.services\/ca\/wp-json\/wp\/v2\/pages\/1270\/revisions\/1623"}],"wp:attachment":[{"href":"https:\/\/selid.services\/ca\/wp-json\/wp\/v2\/media?parent=1270"}],"curies":[{"name":"wp","href":"https:\/\/api.w.org\/{rel}","templated":true}]}}