{"id":2372,"date":"2026-03-29T19:50:05","date_gmt":"2026-03-29T17:50:05","guid":{"rendered":"https:\/\/selid.services\/?page_id=2372"},"modified":"2026-03-29T19:50:07","modified_gmt":"2026-03-29T17:50:07","slug":"canal-de-denuncies","status":"publish","type":"page","link":"https:\/\/selid.services\/ca\/normativa-legal-cee\/canal-de-denuncies\/","title":{"rendered":"Canal de denuncies"},"content":{"rendered":"\t\t<div data-elementor-type=\"wp-page\" data-elementor-id=\"2372\" class=\"elementor elementor-2372 elementor-2371\">\n\t\t\t\t\t\t<section class=\"elementor-section elementor-top-section elementor-element elementor-element-1613dcd elementor-section-stretched elementor-section-boxed elementor-section-height-default elementor-section-height-default\" data-id=\"1613dcd\" data-element_type=\"section\" data-e-type=\"section\" data-settings=\"{&quot;stretch_section&quot;:&quot;section-stretched&quot;,&quot;background_background&quot;:&quot;classic&quot;}\">\n\t\t\t\t\t\t<div class=\"elementor-container elementor-column-gap-wider\">\n\t\t\t\t\t<div class=\"elementor-column elementor-col-50 elementor-top-column elementor-element elementor-element-56e504d\" data-id=\"56e504d\" data-element_type=\"column\" data-e-type=\"column\">\n\t\t\t<div class=\"elementor-widget-wrap elementor-element-populated\">\n\t\t\t\t\t\t<div class=\"elementor-element elementor-element-911214c elementor-widget elementor-widget-text-editor\" data-id=\"911214c\" data-element_type=\"widget\" data-e-type=\"widget\" data-widget_type=\"text-editor.default\">\n\t\t\t\t<div class=\"elementor-widget-container\">\n\t\t\t\t\t\t\t\t\t<h6><span class=\"taronja-selid\">_<\/span> CODI \u00c8TIC I COMPLIANCE<\/h6>\n\t\t\t\t\t\t\t\t<\/div>\n\t\t\t\t<\/div>\n\t\t\t\t<div class=\"elementor-element elementor-element-9a902f5 elementor-widget elementor-widget-text-editor\" data-id=\"9a902f5\" data-element_type=\"widget\" data-e-type=\"widget\" data-widget_type=\"text-editor.default\">\n\t\t\t\t<div class=\"elementor-widget-container\">\n\t\t\t\t\t\t\t\t\t<h1>Canal de den\u00fancies<\/h1>\n\t\t\t\t\t\t\t\t<\/div>\n\t\t\t\t<\/div>\n\t\t\t\t\t<\/div>\n\t\t<\/div>\n\t\t\t\t<div class=\"elementor-column elementor-col-50 elementor-top-column elementor-element elementor-element-a2ecc7c\" data-id=\"a2ecc7c\" data-element_type=\"column\" data-e-type=\"column\">\n\t\t\t<div class=\"elementor-widget-wrap\">\n\t\t\t\t\t\t\t<\/div>\n\t\t<\/div>\n\t\t\t\t\t<\/div>\n\t\t<\/section>\n\t\t\t\t<section class=\"elementor-section elementor-top-section elementor-element elementor-element-808a553 elementor-reverse-mobile elementor-section-boxed elementor-section-height-default elementor-section-height-default\" data-id=\"808a553\" data-element_type=\"section\" data-e-type=\"section\">\n\t\t\t\t\t\t<div class=\"elementor-container elementor-column-gap-wider\">\n\t\t\t\t\t<div class=\"elementor-column elementor-col-50 elementor-top-column elementor-element elementor-element-2a6a43e\" data-id=\"2a6a43e\" data-element_type=\"column\" data-e-type=\"column\">\n\t\t\t<div class=\"elementor-widget-wrap elementor-element-populated\">\n\t\t\t\t\t\t<div class=\"elementor-element elementor-element-706afb8 elementor-widget elementor-widget-text-editor\" data-id=\"706afb8\" data-element_type=\"widget\" data-e-type=\"widget\" data-widget_type=\"text-editor.default\">\n\t\t\t\t<div class=\"elementor-widget-container\">\n\t\t\t\t\t\t\t\t\t<p>Abans de comunicar qualsevol possible irregularitat, recomanem llegir el nostre codi \u00e8tic i pla de compliance. T&#8217;expliquem com pots utilitzar els nostres canals i vies de comunicaci\u00f3.<\/p>\n<p>Entenem que qualsevol usuari tindr\u00e0 acc\u00e9s al correu electr\u00f2nic, per\u00f2 si no vols utilitzar la web per fer la den\u00fancia, pots enviar-la per correu ordinari al c\/Maques de Sentmenat 74 baixos 08029 Barcelona, \u200b\u200ba l&#8217;atenci\u00f3 del compliance officer. En aquest cas, agra\u00efm ens facilitis la mateixa info que apareix al formulari de la p\u00e0gina web, i indiquis com et podem contactar en cas de necessitat.<\/p>\n\t\t\t\t\t\t\t\t<\/div>\n\t\t\t\t<\/div>\n\t\t\t\t<div class=\"elementor-element elementor-element-192e005 elementor-widget-divider--view-line elementor-widget elementor-widget-divider\" data-id=\"192e005\" data-element_type=\"widget\" data-e-type=\"widget\" data-widget_type=\"divider.default\">\n\t\t\t\t<div class=\"elementor-widget-container\">\n\t\t\t\t\t\t\t<div class=\"elementor-divider\">\n\t\t\t<span class=\"elementor-divider-separator\">\n\t\t\t\t\t\t<\/span>\n\t\t<\/div>\n\t\t\t\t\t\t<\/div>\n\t\t\t\t<\/div>\n\t\t\t\t<div class=\"elementor-element elementor-element-380c733 elementor-widget elementor-widget-text-editor\" data-id=\"380c733\" data-element_type=\"widget\" data-e-type=\"widget\" data-widget_type=\"text-editor.default\">\n\t\t\t\t<div class=\"elementor-widget-container\">\n\t\t\t\t\t\t\t\t\t<h2>Codi \u00e8tic<\/h2>\t\t\t\t\t\t\t\t<\/div>\n\t\t\t\t<\/div>\n\t\t\t\t<div class=\"elementor-element elementor-element-1aac695 elementor-widget elementor-widget-text-editor\" data-id=\"1aac695\" data-element_type=\"widget\" data-e-type=\"widget\" data-widget_type=\"text-editor.default\">\n\t\t\t\t<div class=\"elementor-widget-container\">\n\t\t\t\t\t\t\t\t\t<p>El codi \u00e8tic de Selid &#8211; Fundaci\u00f3 Mullor cont\u00e9 tots aquells principis, valors i normes de conducta i comportament que s&#8217;han de donar a la companyia per part de totes les persones que en formen part, aix\u00ed com col\u00b7laboradors amb els quals mantinguem qualsevol tipus de relaci\u00f3 comercial.<\/p>\n\t\t\t\t\t\t\t\t<\/div>\n\t\t\t\t<\/div>\n\t\t\t\t<div class=\"elementor-element elementor-element-6e4687a elementor-align-center elementor-widget elementor-widget-button\" data-id=\"6e4687a\" data-element_type=\"widget\" data-e-type=\"widget\" data-widget_type=\"button.default\">\n\t\t\t\t<div class=\"elementor-widget-container\">\n\t\t\t\t\t\t\t\t\t<div class=\"elementor-button-wrapper\">\n\t\t\t\t\t<a class=\"elementor-button elementor-button-link elementor-size-sm\" href=\"https:\/\/selid.services\/wp-content\/uploads\/2026\/03\/Codigo-Etico-Fundacio-v7.pdf\" target=\"_blank\">\n\t\t\t\t\t\t<span class=\"elementor-button-content-wrapper\">\n\t\t\t\t\t\t\t\t\t<span class=\"elementor-button-text\">DESCARREGAR<\/span>\n\t\t\t\t\t<\/span>\n\t\t\t\t\t<\/a>\n\t\t\t\t<\/div>\n\t\t\t\t\t\t\t\t<\/div>\n\t\t\t\t<\/div>\n\t\t\t\t<div class=\"elementor-element elementor-element-7420355 elementor-widget elementor-widget-text-editor\" data-id=\"7420355\" data-element_type=\"widget\" data-e-type=\"widget\" data-widget_type=\"text-editor.default\">\n\t\t\t\t<div class=\"elementor-widget-container\">\n\t\t\t\t\t\t\t\t\t<h2>Canal de\r\nden\u00fancies<\/h2>\t\t\t\t\t\t\t\t<\/div>\n\t\t\t\t<\/div>\n\t\t\t\t<div class=\"elementor-element elementor-element-59faf13 elementor-widget elementor-widget-text-editor\" data-id=\"59faf13\" data-element_type=\"widget\" data-e-type=\"widget\" data-widget_type=\"text-editor.default\">\n\t\t\t\t<div class=\"elementor-widget-container\">\n\t\t\t\t\t\t\t\t\t<p>Aquesta via de comunicaci\u00f3 reservada ens serveix per rebre totes aquelles den\u00fancies sobre presumptes irregularitats o incompliments del codi \u00e8tic o del pla de compliance, i que poden afectar persones o empreses. La den\u00fancia la rep el nostre compliance officer, directament i exclusivament, que la gestionar\u00e0 amb la m\u00e0xima reserva.<\/p>\n\t\t\t\t\t\t\t\t<\/div>\n\t\t\t\t<\/div>\n\t\t\t\t<div class=\"elementor-element elementor-element-053a4e7 elementor-widget elementor-widget-text-editor\" data-id=\"053a4e7\" data-element_type=\"widget\" data-e-type=\"widget\" data-widget_type=\"text-editor.default\">\n\t\t\t\t<div class=\"elementor-widget-container\">\n\t\t\t\t\t\t\t\t\t<h2>Pol\u00edtica de\r\ncompliance<\/h2>\t\t\t\t\t\t\t\t<\/div>\n\t\t\t\t<\/div>\n\t\t\t\t<div class=\"elementor-element elementor-element-dab336f elementor-widget elementor-widget-text-editor\" data-id=\"dab336f\" data-element_type=\"widget\" data-e-type=\"widget\" data-widget_type=\"text-editor.default\">\n\t\t\t\t<div class=\"elementor-widget-container\">\n\t\t\t\t\t\t\t\t\t<p>El pla de compliance de Selid-Fundaci\u00f3 Mullor defineix les normes, pol\u00edtiques internes i mesures que l&#8217;empresa assumeix i estableix per garantir el compliment legal en el desenvolupament habitual de les nostres activitats. A m\u00e9s de garantir el compliment legal, promovem una cultura \u00e8tica corporativa a les nostres activitats di\u00e0ries. La participaci\u00f3 en la millora de les pol\u00edtiques de compliance la estenem a totes les persones que formen part de la companyia.<\/p>\n\t\t\t\t\t\t\t\t<\/div>\n\t\t\t\t<\/div>\n\t\t\t\t\t<\/div>\n\t\t<\/div>\n\t\t\t\t<div class=\"elementor-column elementor-col-50 elementor-top-column elementor-element elementor-element-5403b3f\" data-id=\"5403b3f\" data-element_type=\"column\" data-e-type=\"column\">\n\t\t\t<div class=\"elementor-widget-wrap elementor-element-populated\">\n\t\t\t\t\t\t<div class=\"elementor-element elementor-element-cd8fb61 elementor-widget elementor-widget-heading\" data-id=\"cd8fb61\" data-element_type=\"widget\" data-e-type=\"widget\" data-widget_type=\"heading.default\">\n\t\t\t\t<div class=\"elementor-widget-container\">\n\t\t\t\t\t<h4 class=\"elementor-heading-title elementor-size-default\">Comunicaci\u00f3 de la irregularitat<\/h4>\t\t\t\t<\/div>\n\t\t\t\t<\/div>\n\t\t\t\t<div class=\"elementor-element elementor-element-e1e1f99 elementor-widget elementor-widget-shortcode\" data-id=\"e1e1f99\" data-element_type=\"widget\" data-e-type=\"widget\" data-widget_type=\"shortcode.default\">\n\t\t\t\t<div class=\"elementor-widget-container\">\n\t\t\t\t\t\t\t<div class=\"elementor-shortcode\">\n<div class=\"wpcf7 no-js\" id=\"wpcf7-f2410-o1\" lang=\"ca\" dir=\"ltr\" data-wpcf7-id=\"2410\">\n<div class=\"screen-reader-response\"><p role=\"status\" aria-live=\"polite\" aria-atomic=\"true\"><\/p> <ul><\/ul><\/div>\n<form action=\"\/ca\/wp-json\/wp\/v2\/pages\/2372#wpcf7-f2410-o1\" method=\"post\" class=\"wpcf7-form init\" aria-label=\"Formulari de contacte\" enctype=\"multipart\/form-data\" novalidate=\"novalidate\" data-status=\"init\">\n<fieldset class=\"hidden-fields-container\"><input type=\"hidden\" name=\"_wpcf7\" value=\"2410\" \/><input type=\"hidden\" name=\"_wpcf7_version\" value=\"6.1.5\" \/><input type=\"hidden\" name=\"_wpcf7_locale\" value=\"ca\" \/><input type=\"hidden\" name=\"_wpcf7_unit_tag\" value=\"wpcf7-f2410-o1\" \/><input type=\"hidden\" name=\"_wpcf7_container_post\" value=\"0\" \/><input type=\"hidden\" name=\"_wpcf7_posted_data_hash\" value=\"\" \/>\n<\/fieldset>\n<div class=\"contenedor-denuncia\">\n\t<p><label> Tipus de comunicaci\u00f3 (Obligatori)<br \/>\n<span class=\"wpcf7-form-control-wrap\" data-name=\"tipo-comunicacion\"><select class=\"wpcf7-form-control wpcf7-select wpcf7-validates-as-required\" aria-required=\"true\" aria-invalid=\"false\" name=\"tipo-comunicacion\"><option value=\"\">Seleccioneu una opci\u00f3<\/option><option value=\"Infracci\u00f3\">Infracci\u00f3<\/option><option value=\"Consulta\">Consulta<\/option><option value=\"Altres\">Altres<\/option><\/select><\/span> <\/label>\n\t<\/p>\n\t<p><label> \u00c0mbit de la comunicaci\u00f3 (Obligatori)<br \/>\n<span class=\"wpcf7-form-control-wrap\" data-name=\"select-760\"><select class=\"wpcf7-form-control wpcf7-select wpcf7-validates-as-required\" aria-required=\"true\" aria-invalid=\"false\" name=\"select-760\"><option value=\"\">Seleccioneu una opci\u00f3<\/option><option value=\"Blanqueig de capitals\">Blanqueig de capitals<\/option><option value=\"Corrupci\u00f3 frau\">Corrupci\u00f3 frau<\/option><option value=\"Dret dels treballadors\">Dret dels treballadors<\/option><option value=\"Salut i seguretat en el treball\">Salut i seguretat en el treball<\/option><option value=\"Assetjament\">Assetjament<\/option><option value=\"Discriminaci\u00f3\">Discriminaci\u00f3<\/option><option value=\"Igualtat\">Igualtat<\/option><option value=\"Medi Ambient\">Medi Ambient<\/option><option value=\"Consumidors\">Consumidors<\/option><option value=\"Altres\">Altres<\/option><\/select><\/span> <\/label>\n\t<\/p>\n\t<div class=\"seccion-hechos\">\n\t\t<p><label> Descripci\u00f3 detallada dels fets (Obligatori)<br \/>\n<span class=\"wpcf7-form-control-wrap\" data-name=\"descripcion-hechos\"><textarea cols=\"40\" rows=\"10\" maxlength=\"2000\" class=\"wpcf7-form-control wpcf7-textarea wpcf7-validates-as-required\" aria-required=\"true\" aria-invalid=\"false\" placeholder=\"Descriviu el que ha passat, dates, lloc\" name=\"descripcion-hechos\"><\/textarea><\/span> <\/label>\n\t\t<\/p>\n\t\t<p><label> Persona o persones presumptament involucrades o responsables de la irregularitat (Obligatori)<br \/>\n<span class=\"wpcf7-form-control-wrap\" data-name=\"text-492\"><input size=\"40\" maxlength=\"400\" class=\"wpcf7-form-control wpcf7-text wpcf7-validates-as-required\" aria-required=\"true\" aria-invalid=\"false\" value=\"\" type=\"text\" name=\"text-492\" \/><\/span> <\/label>\n\t\t<\/p>\n\t<\/div>\n\t<div class=\"seccion-adjuntos\">\n\t\t<p><label> Aportar documentaci\u00f3 de prova (M\u00e0x. 1MB)<br \/>\n<span class=\"wpcf7-form-control-wrap\" data-name=\"file-555\"><input size=\"40\" class=\"wpcf7-form-control wpcf7-file\" accept=\".pdf,.jpg,.jpeg,.png,.doc,.docx\" aria-invalid=\"false\" type=\"file\" name=\"file-555\" \/><\/span> <\/label>\n\t\t<\/p>\n\t<\/div>\n\t<div class=\"seccion-datos\">\n\t\t<h3>Dades de l'informant (Opcional per a anonimat)\n\t\t<\/h3>\n\t\t<p><strong>Encara que ja est\u00e0 explicat en el nostre pla de compliance, us recordem que tota la informaci\u00f3 ser\u00e0 revisada pel nostre compliance officer.<\/strong>\n\t\t<\/p>\n\t\t<p>Les dades personals seran tractades de forma confidencial i no seran comunicades a cap tercer, tret que resultessin imprescindibles per a la investigaci\u00f3 dels fets denunciats. Per a m\u00e9s informaci\u00f3 vegeu protecci\u00f3 de dades.\n\t\t<\/p>\n\t\t<p>Recomanem enviar el q\u00fcestionari adjunt per parlar-ne amb vosaltres amb reserva. De totes maneres, tot i que no \u00e9s recomanable i dificultar\u00e0 el proc\u00e9s d'investigaci\u00f3 i di\u00e0leg, podeu fer \u00fas d'aquest canal de forma an\u00f2nima sense identificar-vos.<br \/>\n<label> Nom complet <span class=\"wpcf7-form-control-wrap\" data-name=\"nombre-informante\"><input size=\"40\" maxlength=\"400\" class=\"wpcf7-form-control wpcf7-text\" aria-invalid=\"false\" value=\"\" type=\"text\" name=\"nombre-informante\" \/><\/span> <\/label><br \/>\n<label> Correu electr\u00f2nic de contacte <span class=\"wpcf7-form-control-wrap\" data-name=\"email-informante\"><input size=\"40\" maxlength=\"400\" class=\"wpcf7-form-control wpcf7-email wpcf7-text wpcf7-validates-as-email\" aria-invalid=\"false\" value=\"\" type=\"email\" name=\"email-informante\" \/><\/span> <\/label><br \/>\n<label> Tel\u00e8fon o Whatsapp <span class=\"wpcf7-form-control-wrap\" data-name=\"tel-informante\"><input size=\"40\" maxlength=\"400\" class=\"wpcf7-form-control wpcf7-tel wpcf7-text wpcf7-validates-as-tel\" aria-invalid=\"false\" value=\"\" type=\"tel\" name=\"tel-informante\" \/><\/span> <\/label><br \/>\n<label> \u00bfTreballes a Selid?<br \/>\n<span class=\"wpcf7-form-control-wrap\" data-name=\"relacion-entidad\"><select class=\"wpcf7-form-control wpcf7-select\" aria-invalid=\"false\" name=\"relacion-entidad\"><option value=\"\">Seleccioneu una opci\u00f3<\/option><option value=\"S\u00ed, actualment treballo a l&#039;entitat.\">S\u00ed, actualment treballo a l&#039;entitat.<\/option><option value=\"No, per\u00f2 he treballat a l&#039;entitat.\">No, per\u00f2 he treballat a l&#039;entitat.<\/option><option value=\"No, per\u00f2 tinc un familiar o conegut treballant-hi actualment.\">No, per\u00f2 tinc un familiar o conegut treballant-hi actualment.<\/option><option value=\"No, per\u00f2 soc un prove\u00efdor.\">No, per\u00f2 soc un prove\u00efdor.<\/option><option value=\"No, per\u00f2 soc un client.\">No, per\u00f2 soc un client.<\/option><option value=\"Altres.\">Altres.<\/option><\/select><\/span> <\/label>\n\t\t<\/p>\n\t<\/div>\n\t<div class=\"seccion-legal\">\n\t\t<p><span class=\"wpcf7-form-control-wrap\" data-name=\"aceptacion-privacidad\"><span class=\"wpcf7-form-control wpcf7-acceptance\"><span class=\"wpcf7-list-item\"><label><input type=\"checkbox\" name=\"aceptacion-privacidad\" value=\"1\" aria-invalid=\"false\" \/><span class=\"wpcf7-list-item-label\">He llegit i accepto la <a href=\"https:\/\/selid.services\/ca\/politica-de-privacidad\/\" target=\"_blank\">Pol\u00edtica de Privacitat<\/a> i el tractament de les meves dades per a la gesti\u00f3 del canal \u00e8tic.<\/span><\/label><\/span><\/span><\/span>\n\t\t<\/p>\n\t\t<div class=\"resumen-privacidad\">\n\t\t\t<p>Les dades personals seran tractades de forma confidencial i no seran comunicades a cap tercer, tret que resultessin imprescindibles per a la investigaci\u00f3 dels fets denunciats (com ara les persones corresponents en les respectives empreses que formen part del Grup Mullor). Les dades seran tractades amb les finalitats indicades durant el termini necessari per a la seva investigaci\u00f3 d'acord amb el que estableix la normativa vigent. En tot moment podreu exercir els vostres drets d'acc\u00e9s, rectificaci\u00f3, supressi\u00f3, oposici\u00f3, limitaci\u00f3 i portabilitat respecte a les dades personals que h\u00e0giu facilitat, a trav\u00e9s del canal de den\u00fancies identificant-vos amb el vostre n\u00famero de refer\u00e8ncia, o a trav\u00e9s de correu postal a l'adre\u00e7a indicada, aportant c\u00f2pia del vostre DNI o document equivalent. En cas de considerar vulnerat el vostre dret a la protecci\u00f3 de dades, podreu interposar una reclamaci\u00f3 al correu oficial de den\u00fancies de Fundaci\u00f3 Mullor etica@fundaciomullor.org, o davant l'Ag\u00e8ncia Espanyola de Protecci\u00f3 de Dades.\n\t\t\t<\/p>\n\t\t<\/div>\n\t<\/div>\n\t<p><input class=\"wpcf7-form-control wpcf7-submit has-spinner\" type=\"submit\" value=\"Enviar comunicaci\u00f3\" \/>\n\t<\/p>\n<\/div><div class=\"wpcf7-response-output\" aria-hidden=\"true\"><\/div>\n<\/form>\n<\/div>\n<\/div>\n\t\t\t\t\t\t<\/div>\n\t\t\t\t<\/div>\n\t\t\t\t\t<\/div>\n\t\t<\/div>\n\t\t\t\t\t<\/div>\n\t\t<\/section>\n\t\t\t\t<section class=\"elementor-section elementor-top-section elementor-element elementor-element-5817d89 elementor-section-boxed elementor-section-height-default elementor-section-height-default\" data-id=\"5817d89\" data-element_type=\"section\" data-e-type=\"section\">\n\t\t\t\t\t\t<div class=\"elementor-container elementor-column-gap-default\">\n\t\t\t\t\t<div class=\"elementor-column elementor-col-100 elementor-top-column elementor-element elementor-element-4eb9c77\" data-id=\"4eb9c77\" data-element_type=\"column\" data-e-type=\"column\">\n\t\t\t<div class=\"elementor-widget-wrap elementor-element-populated\">\n\t\t\t\t\t\t<div class=\"elementor-element elementor-element-e661a9f elementor-widget elementor-widget-spacer\" data-id=\"e661a9f\" data-element_type=\"widget\" data-e-type=\"widget\" data-widget_type=\"spacer.default\">\n\t\t\t\t<div class=\"elementor-widget-container\">\n\t\t\t\t\t\t\t<div class=\"elementor-spacer\">\n\t\t\t<div class=\"elementor-spacer-inner\"><\/div>\n\t\t<\/div>\n\t\t\t\t\t\t<\/div>\n\t\t\t\t<\/div>\n\t\t\t\t\t<\/div>\n\t\t<\/div>\n\t\t\t\t\t<\/div>\n\t\t<\/section>\n\t\t\t\t<section class=\"elementor-section elementor-top-section elementor-element elementor-element-28d2b30 elementor-section-boxed elementor-section-height-default elementor-section-height-default\" data-id=\"28d2b30\" data-element_type=\"section\" data-e-type=\"section\">\n\t\t\t\t\t\t<div class=\"elementor-container elementor-column-gap-default\">\n\t\t\t\t\t<div class=\"elementor-column elementor-col-100 elementor-top-column elementor-element elementor-element-3573c42\" data-id=\"3573c42\" data-element_type=\"column\" data-e-type=\"column\">\n\t\t\t<div class=\"elementor-widget-wrap\">\n\t\t\t\t\t\t\t<\/div>\n\t\t<\/div>\n\t\t\t\t\t<\/div>\n\t\t<\/section>\n\t\t\t\t<\/div>\n\t\t","protected":false},"excerpt":{"rendered":"<p>_ CODI \u00c8TIC I COMPLIANCE Canal de den\u00fancies Abans de comunicar qualsevol possible irregularitat, recomanem llegir el nostre codi \u00e8tic i pla de compliance. T&#8217;expliquem com<span class=\"excerpt-hellip\"> [\u2026]<\/span><\/p>\n","protected":false},"author":1,"featured_media":0,"parent":1253,"menu_order":0,"comment_status":"closed","ping_status":"closed","template":"","meta":{"footnotes":""},"class_list":["post-2372","page","type-page","status-publish","hentry"],"_links":{"self":[{"href":"https:\/\/selid.services\/ca\/wp-json\/wp\/v2\/pages\/2372","targetHints":{"allow":["GET"]}}],"collection":[{"href":"https:\/\/selid.services\/ca\/wp-json\/wp\/v2\/pages"}],"about":[{"href":"https:\/\/selid.services\/ca\/wp-json\/wp\/v2\/types\/page"}],"author":[{"embeddable":true,"href":"https:\/\/selid.services\/ca\/wp-json\/wp\/v2\/users\/1"}],"replies":[{"embeddable":true,"href":"https:\/\/selid.services\/ca\/wp-json\/wp\/v2\/comments?post=2372"}],"version-history":[{"count":2,"href":"https:\/\/selid.services\/ca\/wp-json\/wp\/v2\/pages\/2372\/revisions"}],"predecessor-version":[{"id":2412,"href":"https:\/\/selid.services\/ca\/wp-json\/wp\/v2\/pages\/2372\/revisions\/2412"}],"up":[{"embeddable":true,"href":"https:\/\/selid.services\/ca\/wp-json\/wp\/v2\/pages\/1253"}],"wp:attachment":[{"href":"https:\/\/selid.services\/ca\/wp-json\/wp\/v2\/media?parent=2372"}],"curies":[{"name":"wp","href":"https:\/\/api.w.org\/{rel}","templated":true}]}}